{"id":57,"date":"2023-04-06T12:15:34","date_gmt":"2023-04-06T10:15:34","guid":{"rendered":"https:\/\/aaltabotica.com\/politica-de-cookies\/"},"modified":"2023-05-31T18:51:28","modified_gmt":"2023-05-31T16:51:28","slug":"politica-de-cookies","status":"publish","type":"page","link":"https:\/\/aaltabotica.com\/ca\/politica-de-cookies\/","title":{"rendered":"Pol\u00edtica de cookies"},"content":{"rendered":"\n<p>Les cookies s\u00f3n informacions breus que s&#8217;envien i s&#8217;emmagatzemen al disc dur de l&#8217;ordinador de l&#8217;usuari a trav\u00e9s del seu navegador quan aquest es connecta a una web. Les cookies es poden utilitzar per demanar i emmagatzemar dades de l&#8217;usuari mentre est\u00e0 connectat per facilitar-vos els serveis sol\u00b7licitats i que no se solen conservar (Cookies de sessi\u00f3), o per conservar les dades de l&#8217;usuari per a un altre tipus de serveis futurs i que es poden conservar per temps indefinit (Cookies persistents). Les cookies poden ser pr\u00f2pies o de tercers.<\/p>\n\n\n\n<h3 class=\"wp-block-heading\">Hi ha diversos tipus de cookies:<\/h3>\n\n\n\n<ul class=\"wp-block-list\">\n<li>Cookies t\u00e8cniques que faciliten la navegaci\u00f3 de l&#8217;usuari i la utilitzaci\u00f3 de les diferents opcions o serveis que ofereix la web com identificar la sessi\u00f3, permetre l&#8217;acc\u00e9s a determinades \u00e0rees, facilitar comandes, compres, emplenament de formularis, inscripcions, seguretat, facilitar funcionalitats (v\u00eddeos , xarxes socials\u2026).<\/li>\n\n\n\n<li>Cookies de personalitzaci\u00f3 que permeten a l&#8217;usuari accedir als serveis segons les seves prefer\u00e8ncies (idioma, navegador, configuraci\u00f3\u2026).<\/li>\n\n\n\n<li>Cookies d&#8217;an\u00e0lisi que permeten l&#8217;an\u00e0lisi an\u00f2nima del comportament dels usuaris de la web i que permeten mesurar l&#8217;activitat de l&#8217;usuari i elaborar perfils de navegaci\u00f3 per tal de millorar els llocs web.<\/li>\n\n\n\n<li>Cookies publicit\u00e0ries que permeten la gesti\u00f3 dels espais publicitaris de la web.<\/li>\n\n\n\n<li>Cookies de publicitat personalitzada que permeten la gesti\u00f3 dels espais publicitaris de la web en base al comportament i h\u00e0bits de navegaci\u00f3 d&#8217;usuari, d&#8217;on s&#8217;obt\u00e9 el perfil i permeten personalitzar la publicitat que es mostra al navegador de l&#8217;usuari.<\/li>\n<\/ul>\n\n\n\n<p><strong>aalta botica<\/strong> utilitza cookies t\u00e8cniques, de personalitzaci\u00f3 i d&#8217;an\u00e0lisi, pr\u00f2pies i de tercers, que en cap cas tracten dades de car\u00e0cter personal, per\u00f2 capten h\u00e0bits de navegaci\u00f3 per a fins estad\u00edstiques.<\/p>\n\n\n\n<p>Per aix\u00f2, en accedir a la nostra web, en compliment de l&#8217;article 22 de la Llei de Serveis de la Societat de la Informaci\u00f3 us hem sol\u00b7licitat el vostre consentiment per al seu \u00fas.<\/p>\n\n\n\n<p>De tota manera, us informem que podeu activar o desactivar aquestes cookies seguint les instruccions del vostre navegador d&#8217;Internet:<\/p>\n\n\n\n<ul class=\"wp-block-list\">\n<li>Chrome: Configuraci\u00f3 -&gt; Mostrar opcions avan\u00e7ades -&gt; Privadesa -&gt; Configuraci\u00f3 de contingut.<\/li>\n\n\n\n<li>Firefox: Eines -&gt; Opcions -&gt; Privadesa -&gt; Historial -&gt; Configuraci\u00f3 Personalitzada.<\/li>\n\n\n\n<li>Internet Explorer: Eines -&gt; Opcions d&#8217;Internet -&gt; Privadesa -&gt; Configuraci\u00f3.<\/li>\n\n\n\n<li>Safari: Prefer\u00e8ncies -&gt; Seguretat.<\/li>\n\n\n\n<li>Opera: Eines -&gt; Prefer\u00e8ncies -&gt; Edita prefer\u00e8ncies &gt; Cookies<\/li>\n\n\n\n<li>Edge: Configuraci\u00f3 -&gt; Veure configuraci\u00f3 avan\u00e7ada -&gt; Privadesa i serveis -&gt; Cookies<\/li>\n<\/ul>\n\n\n\n<p>Per a m\u00e9s informaci\u00f3, podeu consultar a l&#8217;Ajuda del vostre navegador o a les p\u00e0gines de suport dels mateixos:<\/p>\n\n\n\n<ul class=\"wp-block-list\">\n<li>Chrome: support.google.com<\/li>\n\n\n\n<li>FireFox: support.mozilla.org<\/li>\n\n\n\n<li>Internet Explorer: windows.microsoft.com<\/li>\n\n\n\n<li>Safari: http:\/\/www.apple.com<\/li>\n\n\n\n<li>Opera: http:\/\/www.opera.com\/help\/tutorials\/security\/cookies\/<\/li>\n\n\n\n<li>Edge: https:\/\/privacy.microsoft.com\/es-es\/windows-10-microsoft-edge-and-privacy<\/li>\n<\/ul>\n","protected":false},"excerpt":{"rendered":"<p>Les cookies s\u00f3n informacions breus que s&#8217;envien i s&#8217;emmagatzemen al disc dur de l&#8217;ordinador de l&#8217;usuari a trav\u00e9s del seu navegador quan aquest es connecta a una web. Les cookies es poden utilitzar per demanar i emmagatzemar dades de l&#8217;usuari mentre est\u00e0 connectat per facilitar-vos els serveis sol\u00b7licitats i que no se solen conservar (Cookies [&hellip;]<\/p>\n","protected":false},"author":1,"featured_media":0,"parent":0,"menu_order":12,"comment_status":"closed","ping_status":"closed","template":"","meta":{"footnotes":""},"class_list":["post-57","page","type-page","status-publish","hentry"],"acf":[],"_links":{"self":[{"href":"https:\/\/aaltabotica.com\/ca\/wp-json\/wp\/v2\/pages\/57","targetHints":{"allow":["GET"]}}],"collection":[{"href":"https:\/\/aaltabotica.com\/ca\/wp-json\/wp\/v2\/pages"}],"about":[{"href":"https:\/\/aaltabotica.com\/ca\/wp-json\/wp\/v2\/types\/page"}],"author":[{"embeddable":true,"href":"https:\/\/aaltabotica.com\/ca\/wp-json\/wp\/v2\/users\/1"}],"replies":[{"embeddable":true,"href":"https:\/\/aaltabotica.com\/ca\/wp-json\/wp\/v2\/comments?post=57"}],"version-history":[{"count":3,"href":"https:\/\/aaltabotica.com\/ca\/wp-json\/wp\/v2\/pages\/57\/revisions"}],"predecessor-version":[{"id":843,"href":"https:\/\/aaltabotica.com\/ca\/wp-json\/wp\/v2\/pages\/57\/revisions\/843"}],"wp:attachment":[{"href":"https:\/\/aaltabotica.com\/ca\/wp-json\/wp\/v2\/media?parent=57"}],"curies":[{"name":"wp","href":"https:\/\/api.w.org\/{rel}","templated":true}]}}