{"id":59,"date":"2023-04-06T12:14:47","date_gmt":"2023-04-06T10:14:47","guid":{"rendered":"https:\/\/aaltabotica.com\/aviso-legal\/"},"modified":"2023-05-31T18:48:00","modified_gmt":"2023-05-31T16:48:00","slug":"avis-legal","status":"publish","type":"page","link":"https:\/\/aaltabotica.com\/ca\/avis-legal\/","title":{"rendered":"Av\u00eds legal"},"content":{"rendered":"\n<p>Aquesta p\u00e0gina Web \u00e9s propietat de <strong>AALTABOTICA SL<\/strong> (d&#8217;ara endavant <strong><strong>aalta botica<\/strong><\/strong>), amb CIF n\u00fam. B05312723 i domicili social al c\/ Enric Granados 114, 08008 Barcelona i Inscrita al Registre Mercantil de Barcelona al Tom 47812, Foli 184, Full B-563026.<\/p>\n\n\n\n<p>Per a qualsevol consulta o proposta, contacteu-nos a l&#8217;email aalta@aaltabotica.com.<\/p>\n\n\n\n<p>Aquesta p\u00e0gina web es regeix per la normativa exclusivament aplicable a Espanya, quedant-hi sotmesa, tant nacionals com estrangers que utilitzin aquesta web.<\/p>\n\n\n\n<p>L&#8217;acc\u00e9s a la nostra p\u00e0gina Web per part de l&#8217;USUARI \u00e9s gratu\u00eft i est\u00e0 condicionat a la lectura i acceptaci\u00f3 pr\u00e8via \u00cdntegra, expressa i sense reserves de les presents CONDICIONS GENERALS D&#8217;\u00daS vigents en el moment de l&#8217;acc\u00e9s, que preguem llegiu detingudament. L&#8217;USUARI en el moment que utilitza el nostre portal, els seus continguts o serveis, accepta i se sotmet expressament a les condicions generals d&#8217;\u00fas. Si l&#8217;usuari no est\u00e0 d&#8217;acord amb aquestes condicions d&#8217;\u00fas, cal abstenir-se d&#8217;utilitzar aquest portal i operar-hi.<\/p>\n\n\n\n<p>En qualsevol moment podrem modificar la presentaci\u00f3 i configuraci\u00f3 de la nostra Web, ampliar o reduir serveis, i fins i tot suprimir-la de la Xarxa, aix\u00ed com els serveis i continguts prestats, tot aix\u00f2 de forma unilateral i sense av\u00eds previ.<\/p>\n\n\n\n<h3 class=\"wp-block-heading\">A. Propietat intel\u00b7lectual<\/h3>\n\n\n\n<p>Tots els continguts, textos, imatges i codis font s\u00f3n propietat de <strong><strong><strong>aalta botica<\/strong><\/strong><\/strong> o de tercers als quals s&#8217;han adquirit els drets d&#8217;explotaci\u00f3 i estan protegits pels drets de propietat intel\u00b7lectual i industrial.<\/p>\n\n\n\n<p>L&#8217;usuari \u00fanicament t\u00e9 dret a un \u00fas privat dels mateixos, sense \u00e0nim de lucre, i necessita autoritzaci\u00f3 expressa per modificar-los, reproduir-los, explotar-los, distribuir-los o exercir qualsevol dret pertanyent al titular.<\/p>\n\n\n\n<p><strong><strong><strong>aalta botica<\/strong><\/strong><\/strong> \u00e9s una marca registrada, i n&#8217;est\u00e0 prohibida la reproducci\u00f3, imitaci\u00f3, utilitzaci\u00f3 o inserci\u00f3 d&#8217;aquestes marques sense la nostra deguda autoritzaci\u00f3.<\/p>\n\n\n\n<p>L&#8217;establiment d&#8217;enlla\u00e7os al nostre portal no hi confereix cap dret. Aix\u00ed mateix, el simple fet destablir un enlla\u00e7 a la nostra p\u00e0gina web no d\u00f3na dret a atorgar-se la categoria de col\u00b7laborador o soci.<\/p>\n\n\n\n<p><strong><strong>aalta botica<\/strong><\/strong> queda exonerat de responsabilitat per qualsevol reclamaci\u00f3 respecte als drets de propietat intel\u00b7lectual dels articles i imatges publicades per tercers al portal. Est\u00e0 absolutament prohibida la imitaci\u00f3 ja sigui total o parcial del nostre portal.<\/p>\n\n\n\n<h3 class=\"wp-block-heading\">B. Condicions d&#8217;acc\u00e9s i \u00fas<\/h3>\n\n\n\n<p>L&#8217;acc\u00e9s a la nostra p\u00e0gina web \u00e9s gratu\u00eft i no exigeix subscripci\u00f3 o registre previ.<\/p>\n\n\n\n<p>L&#8217;enviament de dades personals implica l&#8217;acceptaci\u00f3 expressa per part de l&#8217;USUARI de la nostra pol\u00edtica de privadesa.<\/p>\n\n\n\n<p>L&#8217;usuari ha d&#8217;accedir a la nostra p\u00e0gina Web d&#8217;acord amb la bona fe, les normes d&#8217;ordre p\u00fablic i les presents Condicions Generals d&#8217;\u00fas. L&#8217;acc\u00e9s al nostre lloc web es realitza sota la pr\u00f2pia i exclusiva responsabilitat de l&#8217;usuari, que respondr\u00e0 en tot cas dels danys i els perjudicis que pugui causar a tercers o a nosaltres mateixos.<\/p>\n\n\n\n<p>L&#8217;usuari t\u00e9 expressament prohibida la utilitzaci\u00f3 i l&#8217;obtenci\u00f3 dels serveis i continguts oferts a la present p\u00e0gina web, per procediments diferents dels estipulats en aquestes condicions d&#8217;\u00fas.<\/p>\n\n\n\n<p>L&#8217;USUARI t\u00e9 prohibit qualsevol tipus d&#8217;acci\u00f3 sobre el nostre portal que origini una excessiva sobrec\u00e0rrega de funcionament als nostres sistemes inform\u00e0tics, aix\u00ed com la introducci\u00f3 de virus, o instal\u00b7laci\u00f3 de robots, o programari que alteri el funcionament normal del nostre web, o en definitiva pugui causar danys als nostres sistemes inform\u00e0tics.<\/p>\n\n\n\n<p>Tenint en compte la impossibilitat de control respecte a la informaci\u00f3, continguts i serveis que continguin altres p\u00e0gines web als quals es pugui accedir a trav\u00e9s dels enlla\u00e7os que la nostra p\u00e0gina web pugui posar a la seva disposici\u00f3, us comuniquem que <strong><strong><strong>aalta botica<\/strong><\/strong><\/strong>, queda eximida de qualsevol responsabilitat pels danys i perjudicis de tota mena que poguessin derivar per la utilitzaci\u00f3 d&#8217;aquestes p\u00e0gines web, alienes a la nostra empresa, per part de l&#8217;usuari.<\/p>\n\n\n\n<p><strong><strong><strong>aalta botica<\/strong><\/strong><\/strong> es reserva el dret unilateral i sense preav\u00eds de donar de baixa a qualsevol USUARI que l&#8217;organitzaci\u00f3 entengui que ha vulnerat les condicions que regeixen l&#8217;\u00fas de la nostra p\u00e0gina web, sense que l&#8217;USUARI tingui dret a cap tipus de reclamaci\u00f3 per aquest tipus d&#8217;accions. Aix\u00ed mateix, es reserva el dret d&#8217;exercitar les accions legals oportunes contra aquells que vulnerin les presents condicions generals d&#8217;\u00fas, acceptant l&#8217;USUARI que la no iniciaci\u00f3 d&#8217;aquestes accions no constitueix una ren\u00fancia formal a aquestes, i romanen vigents fins als terminis legals de prescripci\u00f3 de les infraccions.<\/p>\n\n\n\n<h3 class=\"wp-block-heading\">C. Pol\u00edtica de privadesa<\/h3>\n\n\n\n<p>La confidencialitat i la seguretat s\u00f3n valors primordials de <strong><strong><strong>aalta botica<\/strong><\/strong><\/strong> i, en conseq\u00fc\u00e8ncia, assumim el comprom\u00eds de garantir la privadesa de l&#8217;Usuari en tot moment i de no demanar informaci\u00f3 innecess\u00e0ria.<\/p>\n\n\n\n<p>El suministre de dades personals a trav\u00e9s del nostre portal requereix una edat m\u00ednima de 14 anys i l&#8217;acceptaci\u00f3 expressa de la nostra Pol\u00edtica de Privadesa.<\/p>\n\n\n\n<h3 class=\"wp-block-heading\">D. Responsabilitats<\/h3>\n\n\n\n<p>En posar a disposici\u00f3 de l&#8217;usuari aquesta p\u00e0gina web volem oferir-vos un servei de qualitat, utilitzant la m\u00e0xima dilig\u00e8ncia en la prestaci\u00f3 del mateix, aix\u00ed com en els mitjans tecnol\u00f2gics utilitzats. Tot i aix\u00f2, no respondrem de la pres\u00e8ncia de virus i altres elements que d&#8217;alguna manera puguin danyar el sistema inform\u00e0tic de l&#8217;usuari.<\/p>\n\n\n\n<p><strong><strong><strong>aalta botica<\/strong><\/strong><\/strong> no garanteix que la disponibilitat del servei sigui cont\u00ednua i ininterrompuda, per circumst\u00e0ncies originades per problemes a la xarxa d&#8217;Internet, avaries als dispositius inform\u00e0tics o altres circumst\u00e0ncies imprevisibles, de manera que l&#8217;USUARI accepta suportar dins d&#8217;uns l\u00edmits raonables aquestes circumst\u00e0ncies, per la qual cosa renuncia expressament a reclamar a Santal\u00f3 qualsevol responsabilitat pels possibles errors, errors i \u00fas del servei.<\/p>\n\n\n\n<p>L&#8217;USUARI assumeix tota la responsabilitat derivada de l&#8217;\u00fas de la nostra p\u00e0gina web, essent l&#8217;\u00fanic responsable de tot efecte directe o indirecte que sobre la p\u00e0gina web es derivi, incloent-hi, de forma enunciativa i no limitativa, tot resultat econ\u00f2mic, t\u00e8cnic i\/o jur\u00eddic advers, aix\u00ed com la defraudaci\u00f3 de les expectatives generades pel nostre portal, obligant-se l&#8217;usuari a mantenir indemne <strong><strong><strong>aalta botica<\/strong><\/strong><\/strong> per qualssevol reclamacions derivades, directament o indirectament d&#8217;aquests fets.<\/p>\n\n\n\n<p><strong><strong><strong>aalta botica<\/strong><\/strong><\/strong> no garanteix l&#8217;exactitud, veracitat i vig\u00e8ncia dels continguts d&#8217;aquesta p\u00e0gina web, ja siguin propis, de tercers, o enlla\u00e7ables a altres webs, i queda totalment exonerada de qualsevol responsabilitat derivada de l&#8217;\u00fas d&#8217;aquests.<\/p>\n\n\n\n<p><strong><strong><strong>aalta botica<\/strong><\/strong><\/strong> queda exonerada de qualsevol responsabilitat derivada de qualsevol reclamaci\u00f3, incl\u00f2s el pagament d&#8217;honoraris a advocats, per les demandes i reclamacions originades per tercers per l&#8217;incompliment per part de l&#8217;USUARI de les nostres condicions d&#8217;\u00fas, acc\u00e9s i pol\u00edtica de privadesa, o qualsevol altra reclamaci\u00f3 per l&#8217;incompliment de la legislaci\u00f3 vigent.<\/p>\n\n\n\n<p>L&#8217;USUARI reconeix que ha ent\u00e8s tota la informaci\u00f3 respecte a les condicions d&#8217;\u00fas del nostre portal, i reconeix que s\u00f3n suficients per a l&#8217;exclusi\u00f3 de l&#8217;error i, per tant, les accepta \u00edntegrament i expressament.<\/p>\n\n\n\n<p>L&#8217;USUARI \u00e9s plenament conscient que la mera navegaci\u00f3 per aquesta p\u00e0gina web, aix\u00ed com la utilitzaci\u00f3 dels seus serveis, implica l&#8217;acceptaci\u00f3 de les condicions d&#8217;\u00fas presents.<\/p>\n\n\n\n<p>Tot all\u00f2 referent a la nostra p\u00e0gina web, es regeix exclusivament per les lleis espanyoles. En cas que es produeixi qualsevol tipus de discrep\u00e0ncia o difer\u00e8ncia entre les parts en relaci\u00f3 amb la interpretaci\u00f3 i el contingut de la present p\u00e0gina web, totes les parts se sotmeten, amb ren\u00fancia expressa a qualsevol altre fur, als Jutjats i Tribunals de Barcelona.<\/p>\n\n\n\n<h3 class=\"wp-block-heading\">E. Vig\u00e8ncia de les condicions generals d&#8217;acc\u00e9s a la web<\/h3>\n\n\n\n<p>Aquestes Condicions Generals d&#8217;\u00das han estat modificades amb data 31\/05\/2023. En qualsevol moment podem procedir a la seva modificaci\u00f3: si us plau, comproveu la data d&#8217;emissi\u00f3 en cada ocasi\u00f3 en qu\u00e8 es connecti a la nostra p\u00e0gina web i aix\u00ed tindr\u00e0 la certesa que no s&#8217;ha produ\u00eft cap modificaci\u00f3 que l&#8217;afecti.<\/p>\n\n\n\n<p>Per a qualsevol q\u00fcesti\u00f3 respecte a les Condicions d&#8217;\u00das de la nostra p\u00e0gina web, podeu posar-vos en contacte amb nosaltres en les dades a dalt indicades.<\/p>\n","protected":false},"excerpt":{"rendered":"<p>Aquesta p\u00e0gina Web \u00e9s propietat de AALTABOTICA SL (d&#8217;ara endavant aalta botica), amb CIF n\u00fam. B05312723 i domicili social al c\/ Enric Granados 114, 08008 Barcelona i Inscrita al Registre Mercantil de Barcelona al Tom 47812, Foli 184, Full B-563026. Per a qualsevol consulta o proposta, contacteu-nos a l&#8217;email aalta@aaltabotica.com. Aquesta p\u00e0gina web es regeix [&hellip;]<\/p>\n","protected":false},"author":1,"featured_media":0,"parent":0,"menu_order":10,"comment_status":"closed","ping_status":"closed","template":"","meta":{"footnotes":""},"class_list":["post-59","page","type-page","status-publish","hentry"],"acf":[],"_links":{"self":[{"href":"https:\/\/aaltabotica.com\/ca\/wp-json\/wp\/v2\/pages\/59","targetHints":{"allow":["GET"]}}],"collection":[{"href":"https:\/\/aaltabotica.com\/ca\/wp-json\/wp\/v2\/pages"}],"about":[{"href":"https:\/\/aaltabotica.com\/ca\/wp-json\/wp\/v2\/types\/page"}],"author":[{"embeddable":true,"href":"https:\/\/aaltabotica.com\/ca\/wp-json\/wp\/v2\/users\/1"}],"replies":[{"embeddable":true,"href":"https:\/\/aaltabotica.com\/ca\/wp-json\/wp\/v2\/comments?post=59"}],"version-history":[{"count":8,"href":"https:\/\/aaltabotica.com\/ca\/wp-json\/wp\/v2\/pages\/59\/revisions"}],"predecessor-version":[{"id":839,"href":"https:\/\/aaltabotica.com\/ca\/wp-json\/wp\/v2\/pages\/59\/revisions\/839"}],"wp:attachment":[{"href":"https:\/\/aaltabotica.com\/ca\/wp-json\/wp\/v2\/media?parent=59"}],"curies":[{"name":"wp","href":"https:\/\/api.w.org\/{rel}","templated":true}]}}