{"id":634,"date":"2023-05-26T15:26:54","date_gmt":"2023-05-26T13:26:54","guid":{"rendered":"https:\/\/aaltabotica.com\/declaracion-de-accesibilidad\/"},"modified":"2024-01-10T11:04:10","modified_gmt":"2024-01-10T10:04:10","slug":"declaracio-accessibilitat","status":"publish","type":"page","link":"https:\/\/aaltabotica.com\/ca\/declaracio-accessibilitat\/","title":{"rendered":"Declaraci\u00f3 d&#8217;accessibilitat"},"content":{"rendered":"\n<p><strong>aalta botica<\/strong> s&#8217;ha comprom\u00e8s a fer accessible el seu lloc web de conformitat amb el Reial decret 1112\/2018, de 7 de setembre, sobre accessibilitat dels llocs web i aplicacions per a dispositius m\u00f2bils del sector p\u00fablic (d&#8217;ara endavant, Reial decret 1112\/2018, de 7 de setembre).<\/p>\n\n\n\n<p>Aquesta declaraci\u00f3 d&#8217;accessibilitat s&#8217;aplica al web https:\/\/aaltabotica.com.<\/p>\n\n\n\n<h3 class=\"wp-block-heading\">Situaci\u00f3 de compliment<\/h3>\n\n\n\n<p>Aquest lloc web \u00e9s parcialment conforme amb el Reial decret 1112\/2018, de 7 de setembre, a causa de la manca de conformitat dels aspectes que s&#8217;indiquen a continuaci\u00f3.<\/p>\n\n\n\n<h3 class=\"wp-block-heading\">Contingut no accessible<\/h3>\n\n\n\n<p>El contingut que es recull a continuaci\u00f3 no \u00e9s accessible pel seg\u00fcent:<\/p>\n\n\n\n<ul class=\"wp-block-list\">\n<li>Manca de conformitat amb el Reial Decret 1112\/2018, de 7 de setembre: podrien existir errors puntuals d&#8217;edici\u00f3 en alguna p\u00e0gina web, tant en continguts HTML com en documents finals.<\/li>\n\n\n\n<li>C\u00e0rrega desproporcionada: no s&#8217;aplica.<\/li>\n\n\n\n<li>El contingut no entra dins l&#8217;\u00e0mbit de la legislaci\u00f3 aplicable: Podrien existir fitxers ofim\u00e0tics en PDF que no compleixen \u00edntegrament tots els requisits d&#8217;accessibilitat.<\/li>\n<\/ul>\n\n\n\n<h3 class=\"wp-block-heading\">Preparaci\u00f3 d&#8217;aquesta declaraci\u00f3 d&#8217;accessibilitat<\/h3>\n\n\n\n<p>Aquesta declaraci\u00f3 va ser preparada el 29 de maig de 2023.<\/p>\n\n\n\n<p>El m\u00e8tode emprat per preparar la declaraci\u00f3 ha estat una autoavaluaci\u00f3 duta a terme pel mateix organisme.<\/p>\n\n\n\n<p>\u00daltima revisi\u00f3 de la declaraci\u00f3: 10 de gener de 2024.<\/p>\n\n\n\n<h3 class=\"wp-block-heading\">Observacions i dades de contacte<\/h3>\n\n\n\n<p>Podeu realitzar comunicacions sobre requisits d&#8217;accessibilitat (article 10.2.a) del Reial decret 1112\/2018, de 7 de setembre) com, per exemple:<\/p>\n\n\n\n<ul class=\"wp-block-list\">\n<li>Informar sobre qualsevol possible incompliment per part daquest lloc web.<\/li>\n\n\n\n<li>Transmetre altres dificultats dacc\u00e9s al contingut.<\/li>\n\n\n\n<li>Formular qualsevol altra consulta o suggeriment de millora relativa a laccessibilitat del lloc web.<\/li>\n<\/ul>\n\n\n\n<p>A trav\u00e9s de les vies seg\u00fcents:<\/p>\n\n\n\n<ul class=\"wp-block-list\">\n<li>Correu electr\u00f2nic: aalta@aaltabotica.com<\/li>\n\n\n\n<li>Tel\u00e8fon: +34 934 861 682<\/li>\n<\/ul>\n\n\n\n<p>A la Sol\u00b7licitud d&#8217;informaci\u00f3 accessible, cal concretar, amb tota claredat, els fets, les raons i la petici\u00f3 que permetin constatar que es tracta d&#8217;una sol\u00b7licitud raonable i leg\u00edtima.<\/p>\n\n\n\n<h3 class=\"wp-block-heading\">Procediment d&#8217;aplicaci\u00f3<\/h3>\n\n\n\n<p>En el caso en que la respuesta a la solicitud de informaci\u00f3n accesible o queja haya estado desestimada, no se estuviera de acuerdo con la decisi\u00f3n adoptada o la respuesta no cumpla con los requisitos contemplados en la normativa vigente, la persona interesada podr\u00e1 iniciar una reclamaci\u00f3n seg\u00fan establece el articulo 13 del RD 1112\/2018, la cual se dirigir\u00e1 delante la Unidad de Web a trav\u00e9s del correo electr\u00f3nico info@aaltabotica.com.<\/p>\n\n\n\n<h3 class=\"wp-block-heading\">Contingut opcional<\/h3>\n\n\n\n<p>Es duen a terme revisions parcials di\u00e0ries del contingut web nou o modificat, tant de les plantilles com de les p\u00e0gines i els documents finals publicats, a fi d&#8217;assegurar el compliment dels requeriments d&#8217;accessibilitat de la Norma UNE-EN 301549:2022, considerant les excepcions del Reial decret 1112\/2018, de 7 de setembre.<\/p>\n\n\n\n<p>Entre altres, s&#8217;adopten les mesures seg\u00fcents per facilitar l&#8217;accessibilitat:<\/p>\n\n\n\n<ul class=\"wp-block-list\">\n<li>Utilitzaci\u00f3 de text alternatiu a les imatges.<\/li>\n\n\n\n<li>Els enlla\u00e7os s\u00f3n descriptius, tenen sentit sense context i no obren el contingut en una finestra nova sense avisar pr\u00e8viament l&#8217;usuari.<\/li>\n\n\n\n<li>Evitar l\u00fas de GIF animats, v\u00eddeos o \u00e0udios.<\/li>\n\n\n\n<li>Acc\u00e9s als diferents elements del men\u00fa i botons mitjan\u00e7ant el teclat i el ratol\u00ed.<\/li>\n\n\n\n<li>Utilitzar t\u00edtols per definir les diferents subseccions del lloc.<\/li>\n\n\n\n<li>\u00das dels est\u00e0ndards del W3C: XHTML 1.0, CSS 3.0, WAI AA.<\/li>\n<\/ul>\n","protected":false},"excerpt":{"rendered":"<p>aalta botica s&#8217;ha comprom\u00e8s a fer accessible el seu lloc web de conformitat amb el Reial decret 1112\/2018, de 7 de setembre, sobre accessibilitat dels llocs web i aplicacions per a dispositius m\u00f2bils del sector p\u00fablic (d&#8217;ara endavant, Reial decret 1112\/2018, de 7 de setembre). Aquesta declaraci\u00f3 d&#8217;accessibilitat s&#8217;aplica al web https:\/\/aaltabotica.com. Situaci\u00f3 de compliment [&hellip;]<\/p>\n","protected":false},"author":1,"featured_media":0,"parent":0,"menu_order":14,"comment_status":"closed","ping_status":"closed","template":"","meta":{"footnotes":""},"class_list":["post-634","page","type-page","status-publish","hentry"],"acf":[],"_links":{"self":[{"href":"https:\/\/aaltabotica.com\/ca\/wp-json\/wp\/v2\/pages\/634","targetHints":{"allow":["GET"]}}],"collection":[{"href":"https:\/\/aaltabotica.com\/ca\/wp-json\/wp\/v2\/pages"}],"about":[{"href":"https:\/\/aaltabotica.com\/ca\/wp-json\/wp\/v2\/types\/page"}],"author":[{"embeddable":true,"href":"https:\/\/aaltabotica.com\/ca\/wp-json\/wp\/v2\/users\/1"}],"replies":[{"embeddable":true,"href":"https:\/\/aaltabotica.com\/ca\/wp-json\/wp\/v2\/comments?post=634"}],"version-history":[{"count":6,"href":"https:\/\/aaltabotica.com\/ca\/wp-json\/wp\/v2\/pages\/634\/revisions"}],"predecessor-version":[{"id":4212,"href":"https:\/\/aaltabotica.com\/ca\/wp-json\/wp\/v2\/pages\/634\/revisions\/4212"}],"wp:attachment":[{"href":"https:\/\/aaltabotica.com\/ca\/wp-json\/wp\/v2\/media?parent=634"}],"curies":[{"name":"wp","href":"https:\/\/api.w.org\/{rel}","templated":true}]}}